{"id":57077,"date":"2018-11-19T15:36:41","date_gmt":"2018-11-19T14:36:41","guid":{"rendered":"https:\/\/www.kz-gedenkstaette-dachau.de\/miejsce-historyczne\/wirtualne-zwiedzanie-stacje-w-otoczeniu-obozu\/ss-siedlung\/"},"modified":"2020-04-21T23:00:25","modified_gmt":"2020-04-21T21:00:25","slug":"osiedle-ss","status":"publish","type":"page","link":"https:\/\/www.kz-gedenkstaette-dachau.de\/pl\/miejsce-historyczne\/wirtualne-zwiedzanie-stacje-w-otoczeniu-obozu\/osiedle-ss\/","title":{"rendered":"Osiedle SS"},"content":{"rendered":"<p>Na po\u0142udnie od obozu SS znajdowa\u0142y si\u0119 domy i wille esesman\u00f3w z Dachau, kt\u00f3rzy mieszkali tam ze swoimi rodzinami na og\u00f3lnie dost\u0119pnym osiedlu.<\/p>\n<p>Przy niegdysiejszej \u201eStra\u00dfe der SS\u201d (dzisiaj: \u201eStra\u00dfe der KZ-Opfer\u201d, Ul. Ofiar Obozu Koncentracyjnego) sta\u0142y wille esesman\u00f3w. Budynki pochodzi\u0142y z czas\u00f3w I wojny \u015bwiatowej i nale\u017ca\u0142y do by\u0142ej fabryki prochu i amunicji. Zachowane do dzisiaj domy zaj\u0119te zosta\u0142y po wyzwoleniu przez armi\u0119 ameryka\u0144sk\u0105. Obecnie znajduj\u0105 si\u0119 w nich biura Bawarskiej Policji Prewencyjnej. Tablica nr 7 na \u201eDrodze pami\u0119ci\u201d informuje o historii budynk\u00f3w.<\/p>\n<p>\u201eTheodor-Eicke-Platz\u201d, nazwany tak od nazwiska od nazwiska drugiego komendanta obozu koncentracyjnego, ci\u0105gn\u0105\u0142 si\u0119 wzd\u0142u\u017c dzisiejszej ulicy \u201ePater-Roth- Stra\u00dfe\u201d. W kompleksie wybudowanym przez wi\u0119\u017ani\u00f3w znajdowa\u0142y si\u0119 obok budynk\u00f3w mieszkalnych piekarnia, sklep, restauracja, poczta oraz dom osiedlowy (Gemeinschaftshaus) z pomieszczeniami do organizowania imprez. Dzisiaj osiedle ginie w\u015br\u00f3d nowych budynk\u00f3w.<\/p>\n","protected":false},"excerpt":{"rendered":"<p>Na po\u0142udnie od obozu SS znajdowa\u0142y si\u0119 domy i wille esesman\u00f3w z Dachau, kt\u00f3rzy mieszkali tam ze swoimi rodzinami na og\u00f3lnie dost\u0119pnym osiedlu. Przy niegdysiejszej \u201eStra\u00dfe der SS\u201d (dzisiaj: \u201eStra\u00dfe der KZ-Opfer\u201d, Ul. Ofiar Obozu Koncentracyjnego) sta\u0142y wille esesman\u00f3w. Budynki pochodzi\u0142y z czas\u00f3w I wojny \u015bwiatowej i nale\u017ca\u0142y do by\u0142ej fabryki prochu i amunicji. Zachowane&#8230; <a class=\"view-article\" href=\"https:\/\/www.kz-gedenkstaette-dachau.de\/pl\/miejsce-historyczne\/wirtualne-zwiedzanie-stacje-w-otoczeniu-obozu\/osiedle-ss\/\">Zobacz artyku\u0142<\/a><\/p>\n","protected":false},"author":1,"featured_media":0,"parent":57060,"menu_order":320,"comment_status":"closed","ping_status":"closed","template":"page-virtueller_rundgang_unterseite.php","meta":{"_acf_changed":false,"footnotes":""},"class_list":["post-57077","page","type-page","status-publish","hentry"],"acf":[],"yoast_head":"<!-- This site is optimized with the Yoast SEO plugin v27.4 - https:\/\/yoast.com\/product\/yoast-seo-wordpress\/ -->\n<title>Osiedle SS - KZ Gedenkst\u00e4tte Dachau<\/title>\n<meta name=\"robots\" content=\"index, follow, max-snippet:-1, max-image-preview:large, max-video-preview:-1\" \/>\n<link rel=\"canonical\" href=\"https:\/\/www.kz-gedenkstaette-dachau.de\/pl\/miejsce-historyczne\/wirtualne-zwiedzanie-stacje-w-otoczeniu-obozu\/osiedle-ss\/\" \/>\n<meta property=\"og:locale\" content=\"pl_PL\" \/>\n<meta property=\"og:type\" content=\"article\" \/>\n<meta property=\"og:title\" content=\"Osiedle SS - KZ Gedenkst\u00e4tte Dachau\" \/>\n<meta property=\"og:description\" content=\"Na po\u0142udnie od obozu SS znajdowa\u0142y si\u0119 domy i wille esesman\u00f3w z Dachau, kt\u00f3rzy mieszkali tam ze swoimi rodzinami na og\u00f3lnie dost\u0119pnym osiedlu. Przy niegdysiejszej \u201eStra\u00dfe der SS\u201d (dzisiaj: \u201eStra\u00dfe der KZ-Opfer\u201d, Ul. Ofiar Obozu Koncentracyjnego) sta\u0142y wille esesman\u00f3w. Budynki pochodzi\u0142y z czas\u00f3w I wojny \u015bwiatowej i nale\u017ca\u0142y do by\u0142ej fabryki prochu i amunicji. Zachowane... Zobacz artyku\u0142\" \/>\n<meta property=\"og:url\" content=\"https:\/\/www.kz-gedenkstaette-dachau.de\/pl\/miejsce-historyczne\/wirtualne-zwiedzanie-stacje-w-otoczeniu-obozu\/osiedle-ss\/\" \/>\n<meta property=\"og:site_name\" content=\"KZ Gedenkst\u00e4tte Dachau\" \/>\n<meta property=\"article:modified_time\" content=\"2020-04-21T21:00:25+00:00\" \/>\n<meta name=\"twitter:card\" content=\"summary_large_image\" \/>\n<meta name=\"twitter:label1\" content=\"Szacowany czas czytania\" \/>\n\t<meta name=\"twitter:data1\" content=\"1 minuta\" \/>\n<script type=\"application\/ld+json\" class=\"yoast-schema-graph\">{\"@context\":\"https:\\\/\\\/schema.org\",\"@graph\":[{\"@type\":\"WebPage\",\"@id\":\"https:\\\/\\\/www.kz-gedenkstaette-dachau.de\\\/pl\\\/miejsce-historyczne\\\/wirtualne-zwiedzanie-stacje-w-otoczeniu-obozu\\\/osiedle-ss\\\/\",\"url\":\"https:\\\/\\\/www.kz-gedenkstaette-dachau.de\\\/pl\\\/miejsce-historyczne\\\/wirtualne-zwiedzanie-stacje-w-otoczeniu-obozu\\\/osiedle-ss\\\/\",\"name\":\"Osiedle SS - KZ Gedenkst\u00e4tte Dachau\",\"isPartOf\":{\"@id\":\"https:\\\/\\\/www.kz-gedenkstaette-dachau.de\\\/#website\"},\"datePublished\":\"2018-11-19T14:36:41+00:00\",\"dateModified\":\"2020-04-21T21:00:25+00:00\",\"breadcrumb\":{\"@id\":\"https:\\\/\\\/www.kz-gedenkstaette-dachau.de\\\/pl\\\/miejsce-historyczne\\\/wirtualne-zwiedzanie-stacje-w-otoczeniu-obozu\\\/osiedle-ss\\\/#breadcrumb\"},\"inLanguage\":\"pl-PL\",\"potentialAction\":[{\"@type\":\"ReadAction\",\"target\":[\"https:\\\/\\\/www.kz-gedenkstaette-dachau.de\\\/pl\\\/miejsce-historyczne\\\/wirtualne-zwiedzanie-stacje-w-otoczeniu-obozu\\\/osiedle-ss\\\/\"]}]},{\"@type\":\"BreadcrumbList\",\"@id\":\"https:\\\/\\\/www.kz-gedenkstaette-dachau.de\\\/pl\\\/miejsce-historyczne\\\/wirtualne-zwiedzanie-stacje-w-otoczeniu-obozu\\\/osiedle-ss\\\/#breadcrumb\",\"itemListElement\":[{\"@type\":\"ListItem\",\"position\":1,\"name\":\"Strona gl\u00f3wna\",\"item\":\"https:\\\/\\\/www.kz-gedenkstaette-dachau.de\\\/pl\\\/\"},{\"@type\":\"ListItem\",\"position\":2,\"name\":\"Miejsce historyczne\",\"item\":\"https:\\\/\\\/www.kz-gedenkstaette-dachau.de\\\/pl\\\/miejsce-historyczne\\\/\"},{\"@type\":\"ListItem\",\"position\":3,\"name\":\"Wirtualne zwiedzanie \u2013 stacje w otoczeniu obozu\",\"item\":\"https:\\\/\\\/www.kz-gedenkstaette-dachau.de\\\/pl\\\/miejsce-historyczne\\\/wirtualne-zwiedzanie-stacje-w-otoczeniu-obozu\\\/\"},{\"@type\":\"ListItem\",\"position\":4,\"name\":\"Osiedle SS\"}]},{\"@type\":\"WebSite\",\"@id\":\"https:\\\/\\\/www.kz-gedenkstaette-dachau.de\\\/#website\",\"url\":\"https:\\\/\\\/www.kz-gedenkstaette-dachau.de\\\/\",\"name\":\"KZ Gedenkst\u00e4tte Dachau\",\"description\":\"\",\"potentialAction\":[{\"@type\":\"SearchAction\",\"target\":{\"@type\":\"EntryPoint\",\"urlTemplate\":\"https:\\\/\\\/www.kz-gedenkstaette-dachau.de\\\/?s={search_term_string}\"},\"query-input\":{\"@type\":\"PropertyValueSpecification\",\"valueRequired\":true,\"valueName\":\"search_term_string\"}}],\"inLanguage\":\"pl-PL\"}]}<\/script>\n<!-- \/ Yoast SEO plugin. -->","yoast_head_json":{"title":"Osiedle SS - KZ Gedenkst\u00e4tte Dachau","robots":{"index":"index","follow":"follow","max-snippet":"max-snippet:-1","max-image-preview":"max-image-preview:large","max-video-preview":"max-video-preview:-1"},"canonical":"https:\/\/www.kz-gedenkstaette-dachau.de\/pl\/miejsce-historyczne\/wirtualne-zwiedzanie-stacje-w-otoczeniu-obozu\/osiedle-ss\/","og_locale":"pl_PL","og_type":"article","og_title":"Osiedle SS - KZ Gedenkst\u00e4tte Dachau","og_description":"Na po\u0142udnie od obozu SS znajdowa\u0142y si\u0119 domy i wille esesman\u00f3w z Dachau, kt\u00f3rzy mieszkali tam ze swoimi rodzinami na og\u00f3lnie dost\u0119pnym osiedlu. Przy niegdysiejszej \u201eStra\u00dfe der SS\u201d (dzisiaj: \u201eStra\u00dfe der KZ-Opfer\u201d, Ul. Ofiar Obozu Koncentracyjnego) sta\u0142y wille esesman\u00f3w. Budynki pochodzi\u0142y z czas\u00f3w I wojny \u015bwiatowej i nale\u017ca\u0142y do by\u0142ej fabryki prochu i amunicji. Zachowane... Zobacz artyku\u0142","og_url":"https:\/\/www.kz-gedenkstaette-dachau.de\/pl\/miejsce-historyczne\/wirtualne-zwiedzanie-stacje-w-otoczeniu-obozu\/osiedle-ss\/","og_site_name":"KZ Gedenkst\u00e4tte Dachau","article_modified_time":"2020-04-21T21:00:25+00:00","twitter_card":"summary_large_image","twitter_misc":{"Szacowany czas czytania":"1 minuta"},"schema":{"@context":"https:\/\/schema.org","@graph":[{"@type":"WebPage","@id":"https:\/\/www.kz-gedenkstaette-dachau.de\/pl\/miejsce-historyczne\/wirtualne-zwiedzanie-stacje-w-otoczeniu-obozu\/osiedle-ss\/","url":"https:\/\/www.kz-gedenkstaette-dachau.de\/pl\/miejsce-historyczne\/wirtualne-zwiedzanie-stacje-w-otoczeniu-obozu\/osiedle-ss\/","name":"Osiedle SS - KZ Gedenkst\u00e4tte Dachau","isPartOf":{"@id":"https:\/\/www.kz-gedenkstaette-dachau.de\/#website"},"datePublished":"2018-11-19T14:36:41+00:00","dateModified":"2020-04-21T21:00:25+00:00","breadcrumb":{"@id":"https:\/\/www.kz-gedenkstaette-dachau.de\/pl\/miejsce-historyczne\/wirtualne-zwiedzanie-stacje-w-otoczeniu-obozu\/osiedle-ss\/#breadcrumb"},"inLanguage":"pl-PL","potentialAction":[{"@type":"ReadAction","target":["https:\/\/www.kz-gedenkstaette-dachau.de\/pl\/miejsce-historyczne\/wirtualne-zwiedzanie-stacje-w-otoczeniu-obozu\/osiedle-ss\/"]}]},{"@type":"BreadcrumbList","@id":"https:\/\/www.kz-gedenkstaette-dachau.de\/pl\/miejsce-historyczne\/wirtualne-zwiedzanie-stacje-w-otoczeniu-obozu\/osiedle-ss\/#breadcrumb","itemListElement":[{"@type":"ListItem","position":1,"name":"Strona gl\u00f3wna","item":"https:\/\/www.kz-gedenkstaette-dachau.de\/pl\/"},{"@type":"ListItem","position":2,"name":"Miejsce historyczne","item":"https:\/\/www.kz-gedenkstaette-dachau.de\/pl\/miejsce-historyczne\/"},{"@type":"ListItem","position":3,"name":"Wirtualne zwiedzanie \u2013 stacje w otoczeniu obozu","item":"https:\/\/www.kz-gedenkstaette-dachau.de\/pl\/miejsce-historyczne\/wirtualne-zwiedzanie-stacje-w-otoczeniu-obozu\/"},{"@type":"ListItem","position":4,"name":"Osiedle SS"}]},{"@type":"WebSite","@id":"https:\/\/www.kz-gedenkstaette-dachau.de\/#website","url":"https:\/\/www.kz-gedenkstaette-dachau.de\/","name":"KZ Gedenkst\u00e4tte Dachau","description":"","potentialAction":[{"@type":"SearchAction","target":{"@type":"EntryPoint","urlTemplate":"https:\/\/www.kz-gedenkstaette-dachau.de\/?s={search_term_string}"},"query-input":{"@type":"PropertyValueSpecification","valueRequired":true,"valueName":"search_term_string"}}],"inLanguage":"pl-PL"}]}},"_links":{"self":[{"href":"https:\/\/www.kz-gedenkstaette-dachau.de\/pl\/wp-json\/wp\/v2\/pages\/57077","targetHints":{"allow":["GET"]}}],"collection":[{"href":"https:\/\/www.kz-gedenkstaette-dachau.de\/pl\/wp-json\/wp\/v2\/pages"}],"about":[{"href":"https:\/\/www.kz-gedenkstaette-dachau.de\/pl\/wp-json\/wp\/v2\/types\/page"}],"author":[{"embeddable":true,"href":"https:\/\/www.kz-gedenkstaette-dachau.de\/pl\/wp-json\/wp\/v2\/users\/1"}],"replies":[{"embeddable":true,"href":"https:\/\/www.kz-gedenkstaette-dachau.de\/pl\/wp-json\/wp\/v2\/comments?post=57077"}],"version-history":[{"count":0,"href":"https:\/\/www.kz-gedenkstaette-dachau.de\/pl\/wp-json\/wp\/v2\/pages\/57077\/revisions"}],"up":[{"embeddable":true,"href":"https:\/\/www.kz-gedenkstaette-dachau.de\/pl\/wp-json\/wp\/v2\/pages\/57060"}],"wp:attachment":[{"href":"https:\/\/www.kz-gedenkstaette-dachau.de\/pl\/wp-json\/wp\/v2\/media?parent=57077"}],"curies":[{"name":"wp","href":"https:\/\/api.w.org\/{rel}","templated":true}]}}