{"id":57081,"date":"2018-11-19T15:38:46","date_gmt":"2018-11-19T14:38:46","guid":{"rendered":"https:\/\/www.kz-gedenkstaette-dachau.de\/miejsce-historyczne\/wirtualne-zwiedzanie-stacje-w-otoczeniu-obozu\/kz-ehrenfriedhof-leitenberg\/"},"modified":"2020-01-30T15:30:38","modified_gmt":"2020-01-30T14:30:38","slug":"obozowy-cmentarz-honorowy-leitenberg","status":"publish","type":"page","link":"https:\/\/www.kz-gedenkstaette-dachau.de\/pl\/miejsce-historyczne\/wirtualne-zwiedzanie-stacje-w-otoczeniu-obozu\/obozowy-cmentarz-honorowy-leitenberg\/","title":{"rendered":"Obozowy Cmentarz Honorowy Leitenberg"},"content":{"rendered":"<p>Z powodu braku w\u0119gla zaprzestano mniej wi\u0119cej od lutego 1945 r. u\u017cywania krematorium w obozie koncentracyjnym w Dachau. Pomi\u0119dzy lutym a kwietniem tego roku SS zmusza\u0142o wi\u0119\u017ani\u00f3w do transportowania zw\u0142ok zmar\u0142ych towarzyszy niedoli do po\u0142o\u017conej w pobli\u017cu g\u00f3ry Leitenberg, gdzie musieli te\u017c wykop\u0107 osiem masowych grob\u00f3w dla ponad 4000 zw\u0142ok.<\/p>\n<p>Po wyzwoleniu ameryka\u0144skie w\u0142adze wojskowe zarz\u0105dzi\u0142y wykopanie dw\u00f3ch dalszych masowych grob\u00f3w dla oko\u0142o 2000 zw\u0142ok. Byli czo\u0142owi funkcjonariusze NSDAP i ch\u0142opi z Dachau musieli konnymi furmankami przetransportowa\u0107 zw\u0142oki z obozu na Leitenberg i je tam pogrzeba\u0107.<\/p>\n<p>W latach powojennych w\u0142adze nie interesowa\u0142y si\u0119 tymi grobami, a\u017c ich op\u0142akany stan wywo\u0142a\u0142 latem 1949 wielki mi\u0119dzynarodowy skandal. Prasa i politycy za\u017c\u0105dali od rz\u0105du bawarskiego urz\u0105dzenia tam godnego miejsca wiecznego spoczynku dla ofiar obozu koncentracyjnego. Nie bior\u0105c wzgl\u0119du na ich konfesyjn\u0105 przynale\u017cno\u015b\u0107, przekszta\u0142cono ten teren na cmentarz w duchu chrze\u015bcija\u0144skim. Po\u015bwi\u0119cony zosta\u0142 16 grudnia 1949 r. W latach 1951\/52 wzniesiono tu Hal\u0119 Pami\u0119ci.<\/p>\n<p>W latach pi\u0119\u0107dziesi\u0105tych XX w. francuskie Biuro Poszukiwa\u0144 Os\u00f3b Zaginionych przeprowadzi\u0142o tu prace ekshumacyjne, przewo\u017c\u0105c zw\u0142oki zidentyfikowane jako francuskie do Francji. Pozosta\u0142e zw\u0142oki wraz z ofiarami innych oboz\u00f3w koncentracyjnych w G\u00f3rnej Bawarii pogrzebano z powrotem na Leitenbergu w grobach pojedynczych. W latach sze\u015b\u0107dziesi\u0105tych XX w. mia\u0142y miejsce kolejne ekshumacje i przewiezienia zw\u0142ok do Belgii, Holandii, W\u0142och i Norwegii. W 1963 r. po\u015bwi\u0119cono w\u0142osk\u0105 kaplic\u0119 pami\u0119ci \u201eRegina Pacis\u201d. Dzisiaj na Leitenbergu spoczywa ponad 7400 ofiar terroru nazistowskiego.<\/p>\n","protected":false},"excerpt":{"rendered":"<p>Z powodu braku w\u0119gla zaprzestano mniej wi\u0119cej od lutego 1945 r. u\u017cywania krematorium w obozie koncentracyjnym w Dachau. Pomi\u0119dzy lutym a kwietniem tego roku SS zmusza\u0142o wi\u0119\u017ani\u00f3w do transportowania zw\u0142ok zmar\u0142ych towarzyszy niedoli do po\u0142o\u017conej w pobli\u017cu g\u00f3ry Leitenberg, gdzie musieli te\u017c wykop\u0107 osiem masowych grob\u00f3w dla ponad 4000 zw\u0142ok. Po wyzwoleniu ameryka\u0144skie w\u0142adze wojskowe&#8230; <a class=\"view-article\" href=\"https:\/\/www.kz-gedenkstaette-dachau.de\/pl\/miejsce-historyczne\/wirtualne-zwiedzanie-stacje-w-otoczeniu-obozu\/obozowy-cmentarz-honorowy-leitenberg\/\">Zobacz artyku\u0142<\/a><\/p>\n","protected":false},"author":1,"featured_media":0,"parent":57060,"menu_order":400,"comment_status":"closed","ping_status":"closed","template":"page-virtueller_rundgang_unterseite.php","meta":{"_acf_changed":false,"footnotes":""},"class_list":["post-57081","page","type-page","status-publish","hentry"],"acf":[],"yoast_head":"<!-- This site is optimized with the Yoast SEO plugin v27.4 - https:\/\/yoast.com\/product\/yoast-seo-wordpress\/ -->\n<title>Obozowy Cmentarz Honorowy Leitenberg - KZ Gedenkst\u00e4tte Dachau<\/title>\n<meta name=\"robots\" content=\"index, follow, max-snippet:-1, max-image-preview:large, max-video-preview:-1\" \/>\n<link rel=\"canonical\" href=\"https:\/\/www.kz-gedenkstaette-dachau.de\/pl\/miejsce-historyczne\/wirtualne-zwiedzanie-stacje-w-otoczeniu-obozu\/obozowy-cmentarz-honorowy-leitenberg\/\" \/>\n<meta property=\"og:locale\" content=\"pl_PL\" \/>\n<meta property=\"og:type\" content=\"article\" \/>\n<meta property=\"og:title\" content=\"Obozowy Cmentarz Honorowy Leitenberg - KZ Gedenkst\u00e4tte Dachau\" \/>\n<meta property=\"og:description\" content=\"Z powodu braku w\u0119gla zaprzestano mniej wi\u0119cej od lutego 1945 r. u\u017cywania krematorium w obozie koncentracyjnym w Dachau. Pomi\u0119dzy lutym a kwietniem tego roku SS zmusza\u0142o wi\u0119\u017ani\u00f3w do transportowania zw\u0142ok zmar\u0142ych towarzyszy niedoli do po\u0142o\u017conej w pobli\u017cu g\u00f3ry Leitenberg, gdzie musieli te\u017c wykop\u0107 osiem masowych grob\u00f3w dla ponad 4000 zw\u0142ok. Po wyzwoleniu ameryka\u0144skie w\u0142adze wojskowe... Zobacz artyku\u0142\" \/>\n<meta property=\"og:url\" content=\"https:\/\/www.kz-gedenkstaette-dachau.de\/pl\/miejsce-historyczne\/wirtualne-zwiedzanie-stacje-w-otoczeniu-obozu\/obozowy-cmentarz-honorowy-leitenberg\/\" \/>\n<meta property=\"og:site_name\" content=\"KZ Gedenkst\u00e4tte Dachau\" \/>\n<meta property=\"article:modified_time\" content=\"2020-01-30T14:30:38+00:00\" \/>\n<meta name=\"twitter:card\" content=\"summary_large_image\" \/>\n<meta name=\"twitter:label1\" content=\"Szacowany czas czytania\" \/>\n\t<meta name=\"twitter:data1\" content=\"1 minuta\" \/>\n<script type=\"application\/ld+json\" class=\"yoast-schema-graph\">{\"@context\":\"https:\\\/\\\/schema.org\",\"@graph\":[{\"@type\":\"WebPage\",\"@id\":\"https:\\\/\\\/www.kz-gedenkstaette-dachau.de\\\/pl\\\/miejsce-historyczne\\\/wirtualne-zwiedzanie-stacje-w-otoczeniu-obozu\\\/obozowy-cmentarz-honorowy-leitenberg\\\/\",\"url\":\"https:\\\/\\\/www.kz-gedenkstaette-dachau.de\\\/pl\\\/miejsce-historyczne\\\/wirtualne-zwiedzanie-stacje-w-otoczeniu-obozu\\\/obozowy-cmentarz-honorowy-leitenberg\\\/\",\"name\":\"Obozowy Cmentarz Honorowy Leitenberg - KZ Gedenkst\u00e4tte Dachau\",\"isPartOf\":{\"@id\":\"https:\\\/\\\/www.kz-gedenkstaette-dachau.de\\\/#website\"},\"datePublished\":\"2018-11-19T14:38:46+00:00\",\"dateModified\":\"2020-01-30T14:30:38+00:00\",\"breadcrumb\":{\"@id\":\"https:\\\/\\\/www.kz-gedenkstaette-dachau.de\\\/pl\\\/miejsce-historyczne\\\/wirtualne-zwiedzanie-stacje-w-otoczeniu-obozu\\\/obozowy-cmentarz-honorowy-leitenberg\\\/#breadcrumb\"},\"inLanguage\":\"pl-PL\",\"potentialAction\":[{\"@type\":\"ReadAction\",\"target\":[\"https:\\\/\\\/www.kz-gedenkstaette-dachau.de\\\/pl\\\/miejsce-historyczne\\\/wirtualne-zwiedzanie-stacje-w-otoczeniu-obozu\\\/obozowy-cmentarz-honorowy-leitenberg\\\/\"]}]},{\"@type\":\"BreadcrumbList\",\"@id\":\"https:\\\/\\\/www.kz-gedenkstaette-dachau.de\\\/pl\\\/miejsce-historyczne\\\/wirtualne-zwiedzanie-stacje-w-otoczeniu-obozu\\\/obozowy-cmentarz-honorowy-leitenberg\\\/#breadcrumb\",\"itemListElement\":[{\"@type\":\"ListItem\",\"position\":1,\"name\":\"Strona gl\u00f3wna\",\"item\":\"https:\\\/\\\/www.kz-gedenkstaette-dachau.de\\\/pl\\\/\"},{\"@type\":\"ListItem\",\"position\":2,\"name\":\"Miejsce historyczne\",\"item\":\"https:\\\/\\\/www.kz-gedenkstaette-dachau.de\\\/pl\\\/miejsce-historyczne\\\/\"},{\"@type\":\"ListItem\",\"position\":3,\"name\":\"Wirtualne zwiedzanie \u2013 stacje w otoczeniu obozu\",\"item\":\"https:\\\/\\\/www.kz-gedenkstaette-dachau.de\\\/pl\\\/miejsce-historyczne\\\/wirtualne-zwiedzanie-stacje-w-otoczeniu-obozu\\\/\"},{\"@type\":\"ListItem\",\"position\":4,\"name\":\"Obozowy Cmentarz Honorowy Leitenberg\"}]},{\"@type\":\"WebSite\",\"@id\":\"https:\\\/\\\/www.kz-gedenkstaette-dachau.de\\\/#website\",\"url\":\"https:\\\/\\\/www.kz-gedenkstaette-dachau.de\\\/\",\"name\":\"KZ Gedenkst\u00e4tte Dachau\",\"description\":\"\",\"potentialAction\":[{\"@type\":\"SearchAction\",\"target\":{\"@type\":\"EntryPoint\",\"urlTemplate\":\"https:\\\/\\\/www.kz-gedenkstaette-dachau.de\\\/?s={search_term_string}\"},\"query-input\":{\"@type\":\"PropertyValueSpecification\",\"valueRequired\":true,\"valueName\":\"search_term_string\"}}],\"inLanguage\":\"pl-PL\"}]}<\/script>\n<!-- \/ Yoast SEO plugin. -->","yoast_head_json":{"title":"Obozowy Cmentarz Honorowy Leitenberg - KZ Gedenkst\u00e4tte Dachau","robots":{"index":"index","follow":"follow","max-snippet":"max-snippet:-1","max-image-preview":"max-image-preview:large","max-video-preview":"max-video-preview:-1"},"canonical":"https:\/\/www.kz-gedenkstaette-dachau.de\/pl\/miejsce-historyczne\/wirtualne-zwiedzanie-stacje-w-otoczeniu-obozu\/obozowy-cmentarz-honorowy-leitenberg\/","og_locale":"pl_PL","og_type":"article","og_title":"Obozowy Cmentarz Honorowy Leitenberg - KZ Gedenkst\u00e4tte Dachau","og_description":"Z powodu braku w\u0119gla zaprzestano mniej wi\u0119cej od lutego 1945 r. u\u017cywania krematorium w obozie koncentracyjnym w Dachau. Pomi\u0119dzy lutym a kwietniem tego roku SS zmusza\u0142o wi\u0119\u017ani\u00f3w do transportowania zw\u0142ok zmar\u0142ych towarzyszy niedoli do po\u0142o\u017conej w pobli\u017cu g\u00f3ry Leitenberg, gdzie musieli te\u017c wykop\u0107 osiem masowych grob\u00f3w dla ponad 4000 zw\u0142ok. Po wyzwoleniu ameryka\u0144skie w\u0142adze wojskowe... Zobacz artyku\u0142","og_url":"https:\/\/www.kz-gedenkstaette-dachau.de\/pl\/miejsce-historyczne\/wirtualne-zwiedzanie-stacje-w-otoczeniu-obozu\/obozowy-cmentarz-honorowy-leitenberg\/","og_site_name":"KZ Gedenkst\u00e4tte Dachau","article_modified_time":"2020-01-30T14:30:38+00:00","twitter_card":"summary_large_image","twitter_misc":{"Szacowany czas czytania":"1 minuta"},"schema":{"@context":"https:\/\/schema.org","@graph":[{"@type":"WebPage","@id":"https:\/\/www.kz-gedenkstaette-dachau.de\/pl\/miejsce-historyczne\/wirtualne-zwiedzanie-stacje-w-otoczeniu-obozu\/obozowy-cmentarz-honorowy-leitenberg\/","url":"https:\/\/www.kz-gedenkstaette-dachau.de\/pl\/miejsce-historyczne\/wirtualne-zwiedzanie-stacje-w-otoczeniu-obozu\/obozowy-cmentarz-honorowy-leitenberg\/","name":"Obozowy Cmentarz Honorowy Leitenberg - KZ Gedenkst\u00e4tte Dachau","isPartOf":{"@id":"https:\/\/www.kz-gedenkstaette-dachau.de\/#website"},"datePublished":"2018-11-19T14:38:46+00:00","dateModified":"2020-01-30T14:30:38+00:00","breadcrumb":{"@id":"https:\/\/www.kz-gedenkstaette-dachau.de\/pl\/miejsce-historyczne\/wirtualne-zwiedzanie-stacje-w-otoczeniu-obozu\/obozowy-cmentarz-honorowy-leitenberg\/#breadcrumb"},"inLanguage":"pl-PL","potentialAction":[{"@type":"ReadAction","target":["https:\/\/www.kz-gedenkstaette-dachau.de\/pl\/miejsce-historyczne\/wirtualne-zwiedzanie-stacje-w-otoczeniu-obozu\/obozowy-cmentarz-honorowy-leitenberg\/"]}]},{"@type":"BreadcrumbList","@id":"https:\/\/www.kz-gedenkstaette-dachau.de\/pl\/miejsce-historyczne\/wirtualne-zwiedzanie-stacje-w-otoczeniu-obozu\/obozowy-cmentarz-honorowy-leitenberg\/#breadcrumb","itemListElement":[{"@type":"ListItem","position":1,"name":"Strona gl\u00f3wna","item":"https:\/\/www.kz-gedenkstaette-dachau.de\/pl\/"},{"@type":"ListItem","position":2,"name":"Miejsce historyczne","item":"https:\/\/www.kz-gedenkstaette-dachau.de\/pl\/miejsce-historyczne\/"},{"@type":"ListItem","position":3,"name":"Wirtualne zwiedzanie \u2013 stacje w otoczeniu obozu","item":"https:\/\/www.kz-gedenkstaette-dachau.de\/pl\/miejsce-historyczne\/wirtualne-zwiedzanie-stacje-w-otoczeniu-obozu\/"},{"@type":"ListItem","position":4,"name":"Obozowy Cmentarz Honorowy Leitenberg"}]},{"@type":"WebSite","@id":"https:\/\/www.kz-gedenkstaette-dachau.de\/#website","url":"https:\/\/www.kz-gedenkstaette-dachau.de\/","name":"KZ Gedenkst\u00e4tte Dachau","description":"","potentialAction":[{"@type":"SearchAction","target":{"@type":"EntryPoint","urlTemplate":"https:\/\/www.kz-gedenkstaette-dachau.de\/?s={search_term_string}"},"query-input":{"@type":"PropertyValueSpecification","valueRequired":true,"valueName":"search_term_string"}}],"inLanguage":"pl-PL"}]}},"_links":{"self":[{"href":"https:\/\/www.kz-gedenkstaette-dachau.de\/pl\/wp-json\/wp\/v2\/pages\/57081","targetHints":{"allow":["GET"]}}],"collection":[{"href":"https:\/\/www.kz-gedenkstaette-dachau.de\/pl\/wp-json\/wp\/v2\/pages"}],"about":[{"href":"https:\/\/www.kz-gedenkstaette-dachau.de\/pl\/wp-json\/wp\/v2\/types\/page"}],"author":[{"embeddable":true,"href":"https:\/\/www.kz-gedenkstaette-dachau.de\/pl\/wp-json\/wp\/v2\/users\/1"}],"replies":[{"embeddable":true,"href":"https:\/\/www.kz-gedenkstaette-dachau.de\/pl\/wp-json\/wp\/v2\/comments?post=57081"}],"version-history":[{"count":0,"href":"https:\/\/www.kz-gedenkstaette-dachau.de\/pl\/wp-json\/wp\/v2\/pages\/57081\/revisions"}],"up":[{"embeddable":true,"href":"https:\/\/www.kz-gedenkstaette-dachau.de\/pl\/wp-json\/wp\/v2\/pages\/57060"}],"wp:attachment":[{"href":"https:\/\/www.kz-gedenkstaette-dachau.de\/pl\/wp-json\/wp\/v2\/media?parent=57081"}],"curies":[{"name":"wp","href":"https:\/\/api.w.org\/{rel}","templated":true}]}}