{"id":57084,"date":"2018-11-19T15:40:07","date_gmt":"2018-11-19T14:40:07","guid":{"rendered":"https:\/\/www.kz-gedenkstaette-dachau.de\/miejsce-historyczne\/wirtualne-zwiedzanie-stacje-w-otoczeniu-obozu\/kz-graeberfeld-auf-dem-waldfriedhof\/"},"modified":"2020-01-30T15:32:16","modified_gmt":"2020-01-30T14:32:16","slug":"obozowe-pole-grobowe-na-cmentarzu-waldfriedhof","status":"publish","type":"page","link":"https:\/\/www.kz-gedenkstaette-dachau.de\/pl\/miejsce-historyczne\/wirtualne-zwiedzanie-stacje-w-otoczeniu-obozu\/obozowe-pole-grobowe-na-cmentarzu-waldfriedhof\/","title":{"rendered":"Obozowe pole grobowe na cmentarzu Waldfriedhof"},"content":{"rendered":"<p>W p\u00f3\u0142nocnej cz\u0119\u015bci cmentarza Waldfriedhof w Dachau rozci\u0105ga si\u0119 u\u0142o\u017cony tarasami kompleks grobowy dla 1312 ofiar obozu koncentracyjnego. S\u0105 to byli wi\u0119\u017aniowie, kt\u00f3rzy zmarli ju\u017c po wyzwoleniu obozu Dachau 29 kwietnia 1945 r. wskutek utraty zdrowia podczas pobytu w nim.<\/p>\n<p>W latach 1955-1958 w\u0142oskie, francuskie, belgijskie i holenderskie Biuro Poszukiwa\u0144 Os\u00f3b Zaginionych zarz\u0105dzi\u0142o na cmentarzu Waldfriedhof ekshumacj\u0119 niekt\u00f3rych ofiar i przewiezienie szcz\u0105tk\u00f3w do ojczyzny. W ich miejsce pogrzebano ofiary \u201emarsz\u00f3w \u015bmierci\u201d, przeniesione tu z cmentarzy obozowych w G\u00f3rnej Bawarii.<\/p>\n<p>W najwy\u017cszym szeregu grob\u00f3w spoczywaj\u0105 Polacy, kt\u00f3rzy byli stra\u017cnikami w ameryka\u0144skich s\u0142u\u017cbach wartowniczych w Obozie Internowania Dachau.<\/p>\n<p>W s\u0105siedztwie kompleksu znajduj\u0105 si\u0119 pomniki po\u015bwi\u0119cone pami\u0119ci \u017cydowskich, polskich i austriackich ofiar nazistowskich prze\u015bladowa\u0144 oraz kamie\u0144 pami\u0105tkowy po\u015bwi\u0119cony ofiarom \u201ePowstania w Dachau\u201d z 28 kwietnia 1945 r. Uzbrojona grupa bojownik\u00f3w ruchu oporu z\u0142o\u017cona ze zbieg\u0142ych wi\u0119\u017ani\u00f3w obozowych i mieszka\u0144c\u00f3w Dachau przypu\u015bci\u0142a tego dnia szturm na ratusz miejski, aby przed nadej\u015bciem wojsk alianckich uwolni\u0107 miasto od w\u0142adzy nazist\u00f3w. Jednostki Waffen-SS st\u0142umi\u0142y powstanie, zabijaj\u0105c przy tym sze\u015bciu powsta\u0144c\u00f3w. Na Placu Ratuszowym w Dachau przypomina o tym powstaniu specjalna tablica pami\u0105tkowa.<\/p>\n","protected":false},"excerpt":{"rendered":"<p>W p\u00f3\u0142nocnej cz\u0119\u015bci cmentarza Waldfriedhof w Dachau rozci\u0105ga si\u0119 u\u0142o\u017cony tarasami kompleks grobowy dla 1312 ofiar obozu koncentracyjnego. S\u0105 to byli wi\u0119\u017aniowie, kt\u00f3rzy zmarli ju\u017c po wyzwoleniu obozu Dachau 29 kwietnia 1945 r. wskutek utraty zdrowia podczas pobytu w nim. W latach 1955-1958 w\u0142oskie, francuskie, belgijskie i holenderskie Biuro Poszukiwa\u0144 Os\u00f3b Zaginionych zarz\u0105dzi\u0142o na cmentarzu&#8230; <a class=\"view-article\" href=\"https:\/\/www.kz-gedenkstaette-dachau.de\/pl\/miejsce-historyczne\/wirtualne-zwiedzanie-stacje-w-otoczeniu-obozu\/obozowe-pole-grobowe-na-cmentarzu-waldfriedhof\/\">Zobacz artyku\u0142<\/a><\/p>\n","protected":false},"author":1,"featured_media":0,"parent":57060,"menu_order":500,"comment_status":"closed","ping_status":"closed","template":"page-virtueller_rundgang_unterseite.php","meta":{"_acf_changed":false,"footnotes":""},"class_list":["post-57084","page","type-page","status-publish","hentry"],"acf":[],"yoast_head":"<!-- This site is optimized with the Yoast SEO plugin v27.4 - https:\/\/yoast.com\/product\/yoast-seo-wordpress\/ -->\n<title>Obozowe pole grobowe na cmentarzu Waldfriedhof - KZ Gedenkst\u00e4tte Dachau<\/title>\n<meta name=\"robots\" content=\"index, follow, max-snippet:-1, max-image-preview:large, max-video-preview:-1\" \/>\n<link rel=\"canonical\" href=\"https:\/\/www.kz-gedenkstaette-dachau.de\/pl\/miejsce-historyczne\/wirtualne-zwiedzanie-stacje-w-otoczeniu-obozu\/obozowe-pole-grobowe-na-cmentarzu-waldfriedhof\/\" \/>\n<meta property=\"og:locale\" content=\"pl_PL\" \/>\n<meta property=\"og:type\" content=\"article\" \/>\n<meta property=\"og:title\" content=\"Obozowe pole grobowe na cmentarzu Waldfriedhof - KZ Gedenkst\u00e4tte Dachau\" \/>\n<meta property=\"og:description\" content=\"W p\u00f3\u0142nocnej cz\u0119\u015bci cmentarza Waldfriedhof w Dachau rozci\u0105ga si\u0119 u\u0142o\u017cony tarasami kompleks grobowy dla 1312 ofiar obozu koncentracyjnego. S\u0105 to byli wi\u0119\u017aniowie, kt\u00f3rzy zmarli ju\u017c po wyzwoleniu obozu Dachau 29 kwietnia 1945 r. wskutek utraty zdrowia podczas pobytu w nim. W latach 1955-1958 w\u0142oskie, francuskie, belgijskie i holenderskie Biuro Poszukiwa\u0144 Os\u00f3b Zaginionych zarz\u0105dzi\u0142o na cmentarzu... Zobacz artyku\u0142\" \/>\n<meta property=\"og:url\" content=\"https:\/\/www.kz-gedenkstaette-dachau.de\/pl\/miejsce-historyczne\/wirtualne-zwiedzanie-stacje-w-otoczeniu-obozu\/obozowe-pole-grobowe-na-cmentarzu-waldfriedhof\/\" \/>\n<meta property=\"og:site_name\" content=\"KZ Gedenkst\u00e4tte Dachau\" \/>\n<meta property=\"article:modified_time\" content=\"2020-01-30T14:32:16+00:00\" \/>\n<meta name=\"twitter:card\" content=\"summary_large_image\" \/>\n<meta name=\"twitter:label1\" content=\"Szacowany czas czytania\" \/>\n\t<meta name=\"twitter:data1\" content=\"1 minuta\" \/>\n<script type=\"application\/ld+json\" class=\"yoast-schema-graph\">{\"@context\":\"https:\\\/\\\/schema.org\",\"@graph\":[{\"@type\":\"WebPage\",\"@id\":\"https:\\\/\\\/www.kz-gedenkstaette-dachau.de\\\/pl\\\/miejsce-historyczne\\\/wirtualne-zwiedzanie-stacje-w-otoczeniu-obozu\\\/obozowe-pole-grobowe-na-cmentarzu-waldfriedhof\\\/\",\"url\":\"https:\\\/\\\/www.kz-gedenkstaette-dachau.de\\\/pl\\\/miejsce-historyczne\\\/wirtualne-zwiedzanie-stacje-w-otoczeniu-obozu\\\/obozowe-pole-grobowe-na-cmentarzu-waldfriedhof\\\/\",\"name\":\"Obozowe pole grobowe na cmentarzu Waldfriedhof - KZ Gedenkst\u00e4tte Dachau\",\"isPartOf\":{\"@id\":\"https:\\\/\\\/www.kz-gedenkstaette-dachau.de\\\/#website\"},\"datePublished\":\"2018-11-19T14:40:07+00:00\",\"dateModified\":\"2020-01-30T14:32:16+00:00\",\"breadcrumb\":{\"@id\":\"https:\\\/\\\/www.kz-gedenkstaette-dachau.de\\\/pl\\\/miejsce-historyczne\\\/wirtualne-zwiedzanie-stacje-w-otoczeniu-obozu\\\/obozowe-pole-grobowe-na-cmentarzu-waldfriedhof\\\/#breadcrumb\"},\"inLanguage\":\"pl-PL\",\"potentialAction\":[{\"@type\":\"ReadAction\",\"target\":[\"https:\\\/\\\/www.kz-gedenkstaette-dachau.de\\\/pl\\\/miejsce-historyczne\\\/wirtualne-zwiedzanie-stacje-w-otoczeniu-obozu\\\/obozowe-pole-grobowe-na-cmentarzu-waldfriedhof\\\/\"]}]},{\"@type\":\"BreadcrumbList\",\"@id\":\"https:\\\/\\\/www.kz-gedenkstaette-dachau.de\\\/pl\\\/miejsce-historyczne\\\/wirtualne-zwiedzanie-stacje-w-otoczeniu-obozu\\\/obozowe-pole-grobowe-na-cmentarzu-waldfriedhof\\\/#breadcrumb\",\"itemListElement\":[{\"@type\":\"ListItem\",\"position\":1,\"name\":\"Strona gl\u00f3wna\",\"item\":\"https:\\\/\\\/www.kz-gedenkstaette-dachau.de\\\/pl\\\/\"},{\"@type\":\"ListItem\",\"position\":2,\"name\":\"Miejsce historyczne\",\"item\":\"https:\\\/\\\/www.kz-gedenkstaette-dachau.de\\\/pl\\\/miejsce-historyczne\\\/\"},{\"@type\":\"ListItem\",\"position\":3,\"name\":\"Wirtualne zwiedzanie \u2013 stacje w otoczeniu obozu\",\"item\":\"https:\\\/\\\/www.kz-gedenkstaette-dachau.de\\\/pl\\\/miejsce-historyczne\\\/wirtualne-zwiedzanie-stacje-w-otoczeniu-obozu\\\/\"},{\"@type\":\"ListItem\",\"position\":4,\"name\":\"Obozowe pole grobowe na cmentarzu Waldfriedhof\"}]},{\"@type\":\"WebSite\",\"@id\":\"https:\\\/\\\/www.kz-gedenkstaette-dachau.de\\\/#website\",\"url\":\"https:\\\/\\\/www.kz-gedenkstaette-dachau.de\\\/\",\"name\":\"KZ Gedenkst\u00e4tte Dachau\",\"description\":\"\",\"potentialAction\":[{\"@type\":\"SearchAction\",\"target\":{\"@type\":\"EntryPoint\",\"urlTemplate\":\"https:\\\/\\\/www.kz-gedenkstaette-dachau.de\\\/?s={search_term_string}\"},\"query-input\":{\"@type\":\"PropertyValueSpecification\",\"valueRequired\":true,\"valueName\":\"search_term_string\"}}],\"inLanguage\":\"pl-PL\"}]}<\/script>\n<!-- \/ Yoast SEO plugin. -->","yoast_head_json":{"title":"Obozowe pole grobowe na cmentarzu Waldfriedhof - KZ Gedenkst\u00e4tte Dachau","robots":{"index":"index","follow":"follow","max-snippet":"max-snippet:-1","max-image-preview":"max-image-preview:large","max-video-preview":"max-video-preview:-1"},"canonical":"https:\/\/www.kz-gedenkstaette-dachau.de\/pl\/miejsce-historyczne\/wirtualne-zwiedzanie-stacje-w-otoczeniu-obozu\/obozowe-pole-grobowe-na-cmentarzu-waldfriedhof\/","og_locale":"pl_PL","og_type":"article","og_title":"Obozowe pole grobowe na cmentarzu Waldfriedhof - KZ Gedenkst\u00e4tte Dachau","og_description":"W p\u00f3\u0142nocnej cz\u0119\u015bci cmentarza Waldfriedhof w Dachau rozci\u0105ga si\u0119 u\u0142o\u017cony tarasami kompleks grobowy dla 1312 ofiar obozu koncentracyjnego. S\u0105 to byli wi\u0119\u017aniowie, kt\u00f3rzy zmarli ju\u017c po wyzwoleniu obozu Dachau 29 kwietnia 1945 r. wskutek utraty zdrowia podczas pobytu w nim. W latach 1955-1958 w\u0142oskie, francuskie, belgijskie i holenderskie Biuro Poszukiwa\u0144 Os\u00f3b Zaginionych zarz\u0105dzi\u0142o na cmentarzu... Zobacz artyku\u0142","og_url":"https:\/\/www.kz-gedenkstaette-dachau.de\/pl\/miejsce-historyczne\/wirtualne-zwiedzanie-stacje-w-otoczeniu-obozu\/obozowe-pole-grobowe-na-cmentarzu-waldfriedhof\/","og_site_name":"KZ Gedenkst\u00e4tte Dachau","article_modified_time":"2020-01-30T14:32:16+00:00","twitter_card":"summary_large_image","twitter_misc":{"Szacowany czas czytania":"1 minuta"},"schema":{"@context":"https:\/\/schema.org","@graph":[{"@type":"WebPage","@id":"https:\/\/www.kz-gedenkstaette-dachau.de\/pl\/miejsce-historyczne\/wirtualne-zwiedzanie-stacje-w-otoczeniu-obozu\/obozowe-pole-grobowe-na-cmentarzu-waldfriedhof\/","url":"https:\/\/www.kz-gedenkstaette-dachau.de\/pl\/miejsce-historyczne\/wirtualne-zwiedzanie-stacje-w-otoczeniu-obozu\/obozowe-pole-grobowe-na-cmentarzu-waldfriedhof\/","name":"Obozowe pole grobowe na cmentarzu Waldfriedhof - KZ Gedenkst\u00e4tte Dachau","isPartOf":{"@id":"https:\/\/www.kz-gedenkstaette-dachau.de\/#website"},"datePublished":"2018-11-19T14:40:07+00:00","dateModified":"2020-01-30T14:32:16+00:00","breadcrumb":{"@id":"https:\/\/www.kz-gedenkstaette-dachau.de\/pl\/miejsce-historyczne\/wirtualne-zwiedzanie-stacje-w-otoczeniu-obozu\/obozowe-pole-grobowe-na-cmentarzu-waldfriedhof\/#breadcrumb"},"inLanguage":"pl-PL","potentialAction":[{"@type":"ReadAction","target":["https:\/\/www.kz-gedenkstaette-dachau.de\/pl\/miejsce-historyczne\/wirtualne-zwiedzanie-stacje-w-otoczeniu-obozu\/obozowe-pole-grobowe-na-cmentarzu-waldfriedhof\/"]}]},{"@type":"BreadcrumbList","@id":"https:\/\/www.kz-gedenkstaette-dachau.de\/pl\/miejsce-historyczne\/wirtualne-zwiedzanie-stacje-w-otoczeniu-obozu\/obozowe-pole-grobowe-na-cmentarzu-waldfriedhof\/#breadcrumb","itemListElement":[{"@type":"ListItem","position":1,"name":"Strona gl\u00f3wna","item":"https:\/\/www.kz-gedenkstaette-dachau.de\/pl\/"},{"@type":"ListItem","position":2,"name":"Miejsce historyczne","item":"https:\/\/www.kz-gedenkstaette-dachau.de\/pl\/miejsce-historyczne\/"},{"@type":"ListItem","position":3,"name":"Wirtualne zwiedzanie \u2013 stacje w otoczeniu obozu","item":"https:\/\/www.kz-gedenkstaette-dachau.de\/pl\/miejsce-historyczne\/wirtualne-zwiedzanie-stacje-w-otoczeniu-obozu\/"},{"@type":"ListItem","position":4,"name":"Obozowe pole grobowe na cmentarzu Waldfriedhof"}]},{"@type":"WebSite","@id":"https:\/\/www.kz-gedenkstaette-dachau.de\/#website","url":"https:\/\/www.kz-gedenkstaette-dachau.de\/","name":"KZ Gedenkst\u00e4tte Dachau","description":"","potentialAction":[{"@type":"SearchAction","target":{"@type":"EntryPoint","urlTemplate":"https:\/\/www.kz-gedenkstaette-dachau.de\/?s={search_term_string}"},"query-input":{"@type":"PropertyValueSpecification","valueRequired":true,"valueName":"search_term_string"}}],"inLanguage":"pl-PL"}]}},"_links":{"self":[{"href":"https:\/\/www.kz-gedenkstaette-dachau.de\/pl\/wp-json\/wp\/v2\/pages\/57084","targetHints":{"allow":["GET"]}}],"collection":[{"href":"https:\/\/www.kz-gedenkstaette-dachau.de\/pl\/wp-json\/wp\/v2\/pages"}],"about":[{"href":"https:\/\/www.kz-gedenkstaette-dachau.de\/pl\/wp-json\/wp\/v2\/types\/page"}],"author":[{"embeddable":true,"href":"https:\/\/www.kz-gedenkstaette-dachau.de\/pl\/wp-json\/wp\/v2\/users\/1"}],"replies":[{"embeddable":true,"href":"https:\/\/www.kz-gedenkstaette-dachau.de\/pl\/wp-json\/wp\/v2\/comments?post=57084"}],"version-history":[{"count":0,"href":"https:\/\/www.kz-gedenkstaette-dachau.de\/pl\/wp-json\/wp\/v2\/pages\/57084\/revisions"}],"up":[{"embeddable":true,"href":"https:\/\/www.kz-gedenkstaette-dachau.de\/pl\/wp-json\/wp\/v2\/pages\/57060"}],"wp:attachment":[{"href":"https:\/\/www.kz-gedenkstaette-dachau.de\/pl\/wp-json\/wp\/v2\/media?parent=57084"}],"curies":[{"name":"wp","href":"https:\/\/api.w.org\/{rel}","templated":true}]}}