{"id":57087,"date":"2018-11-19T15:41:37","date_gmt":"2018-11-19T14:41:37","guid":{"rendered":"https:\/\/www.kz-gedenkstaette-dachau.de\/miejsce-historyczne\/wirtualne-zwiedzanie-stacje-w-otoczeniu-obozu\/todesmarsch-mahnmal\/"},"modified":"2020-01-30T15:33:55","modified_gmt":"2020-01-30T14:33:55","slug":"pomnik-marszu-smierci","status":"publish","type":"page","link":"https:\/\/www.kz-gedenkstaette-dachau.de\/pl\/miejsce-historyczne\/wirtualne-zwiedzanie-stacje-w-otoczeniu-obozu\/pomnik-marszu-smierci\/","title":{"rendered":"Pomnik Marszu \u015amierci"},"content":{"rendered":"<p>Wraz z post\u0119pami ofensywy alianckiej, SS ewakuowa\u0142o od lata 1944 r. kolejne obozy koncentracyjne. Poci\u0105gowymi transportami i przymusowymi marszami przemieszczano wi\u0119\u017ani\u00f3w do oboz\u00f3w po\u0142o\u017conych dalej od frontu. Wskutek swego po\u0142o\u017cenia w g\u0142\u0119bi Rzeszy, ob\u00f3z koncentracyjny Dachau zosta\u0142 najpierw obozem docelowym dla wi\u0119\u017ani\u00f3w ewakuowanych z oboz\u00f3w koncentracyjnych w Auschwitz, Natzweiler, Flossenb\u00fcrg i Buchenwaldzie. Wielu wi\u0119\u017ani\u00f3w nie prze\u017cy\u0142o warunk\u00f3w transport\u00f3w kolejowych i pieszych marszy.<\/p>\n<p>Rozkaz do ewakuacji obozu koncentracyjnego Dachau i jego podoboz\u00f3w nadszed\u0142 dopiero na kilka dni przed nadej\u015bciem wojsk ameryka\u0144skich. 23 kwietnia 1945 r. rozpocz\u0119to likwidacj\u0119 podoboz\u00f3w kompleksu Kaufering. Trzy dni p\u00f3\u017aniej pierwsze kolumny marszowe wi\u0119\u017ani\u00f3w opu\u015bci\u0142y macierzysty ob\u00f3z Dachau, kieruj\u0105c si\u0119 na po\u0142udnie. Z systemu obozowego Dachau SS podda\u0142o ewakuacji przynajmniej 25\u00a0000 wi\u0119\u017ani\u00f3w.<\/p>\n<p>Podczas przemarsz\u00f3w, zwanych tak\u017ce \u201emarszami \u015bmierci\u201d, zmar\u0142o wskutek chor\u00f3b, niedo\u017cywienia i os\u0142abienia przynajmniej tysi\u0105c os\u00f3b. Kto upad\u0142 nieprzytomny, lub zatrzyma\u0142 si\u0119 bez si\u0142, tego esesmani t\u0142ukli na \u015bmier\u0107 lub zabijali strza\u0142em. Trasa przemarsz\u00f3w prowadzi\u0142a przez liczne wioski i miasteczka. Wielu mieszka\u0144c\u00f3w mia\u0142o w ten spos\u00f3b okazj\u0119 zosta\u0107 \u015bwiadkami tych brutalnych marszy.<\/p>\n<p>Od 1989 r. gminy le\u017c\u0105ce wzd\u0142u\u017c trasy \u201emarsz\u00f3w \u015bmierci\u201d ustawi\u0142y na niej 22 identyczne \u201ePomniki Marsz\u00f3w \u015amierci\u201d, autorstwa rze\u017abiarza Hubertusa von Pilgrima. Od 2001 r. pomnik taki stoi w Dachau przy skrzy\u017cowaniu ulic Theodor-Heuss-Stra\u00dfe i Sudetenlandstra\u00dfe, przypominaj\u0105c cierpienie ofiar.<\/p>\n","protected":false},"excerpt":{"rendered":"<p>Wraz z post\u0119pami ofensywy alianckiej, SS ewakuowa\u0142o od lata 1944 r. kolejne obozy koncentracyjne. Poci\u0105gowymi transportami i przymusowymi marszami przemieszczano wi\u0119\u017ani\u00f3w do oboz\u00f3w po\u0142o\u017conych dalej od frontu. Wskutek swego po\u0142o\u017cenia w g\u0142\u0119bi Rzeszy, ob\u00f3z koncentracyjny Dachau zosta\u0142 najpierw obozem docelowym dla wi\u0119\u017ani\u00f3w ewakuowanych z oboz\u00f3w koncentracyjnych w Auschwitz, Natzweiler, Flossenb\u00fcrg i Buchenwaldzie. Wielu wi\u0119\u017ani\u00f3w nie&#8230; <a class=\"view-article\" href=\"https:\/\/www.kz-gedenkstaette-dachau.de\/pl\/miejsce-historyczne\/wirtualne-zwiedzanie-stacje-w-otoczeniu-obozu\/pomnik-marszu-smierci\/\">Zobacz artyku\u0142<\/a><\/p>\n","protected":false},"author":1,"featured_media":0,"parent":57060,"menu_order":600,"comment_status":"closed","ping_status":"closed","template":"page-virtueller_rundgang_unterseite.php","meta":{"_acf_changed":false,"footnotes":""},"class_list":["post-57087","page","type-page","status-publish","hentry"],"acf":[],"yoast_head":"<!-- This site is optimized with the Yoast SEO plugin v27.3 - https:\/\/yoast.com\/product\/yoast-seo-wordpress\/ -->\n<title>Pomnik Marszu \u015amierci - KZ Gedenkst\u00e4tte Dachau<\/title>\n<meta name=\"robots\" content=\"index, follow, max-snippet:-1, max-image-preview:large, max-video-preview:-1\" \/>\n<link rel=\"canonical\" href=\"https:\/\/www.kz-gedenkstaette-dachau.de\/pl\/miejsce-historyczne\/wirtualne-zwiedzanie-stacje-w-otoczeniu-obozu\/pomnik-marszu-smierci\/\" \/>\n<meta property=\"og:locale\" content=\"pl_PL\" \/>\n<meta property=\"og:type\" content=\"article\" \/>\n<meta property=\"og:title\" content=\"Pomnik Marszu \u015amierci - KZ Gedenkst\u00e4tte Dachau\" \/>\n<meta property=\"og:description\" content=\"Wraz z post\u0119pami ofensywy alianckiej, SS ewakuowa\u0142o od lata 1944 r. kolejne obozy koncentracyjne. Poci\u0105gowymi transportami i przymusowymi marszami przemieszczano wi\u0119\u017ani\u00f3w do oboz\u00f3w po\u0142o\u017conych dalej od frontu. Wskutek swego po\u0142o\u017cenia w g\u0142\u0119bi Rzeszy, ob\u00f3z koncentracyjny Dachau zosta\u0142 najpierw obozem docelowym dla wi\u0119\u017ani\u00f3w ewakuowanych z oboz\u00f3w koncentracyjnych w Auschwitz, Natzweiler, Flossenb\u00fcrg i Buchenwaldzie. Wielu wi\u0119\u017ani\u00f3w nie... Zobacz artyku\u0142\" \/>\n<meta property=\"og:url\" content=\"https:\/\/www.kz-gedenkstaette-dachau.de\/pl\/miejsce-historyczne\/wirtualne-zwiedzanie-stacje-w-otoczeniu-obozu\/pomnik-marszu-smierci\/\" \/>\n<meta property=\"og:site_name\" content=\"KZ Gedenkst\u00e4tte Dachau\" \/>\n<meta property=\"article:modified_time\" content=\"2020-01-30T14:33:55+00:00\" \/>\n<meta name=\"twitter:card\" content=\"summary_large_image\" \/>\n<meta name=\"twitter:label1\" content=\"Szacowany czas czytania\" \/>\n\t<meta name=\"twitter:data1\" content=\"1 minuta\" \/>\n<script type=\"application\/ld+json\" class=\"yoast-schema-graph\">{\"@context\":\"https:\\\/\\\/schema.org\",\"@graph\":[{\"@type\":\"WebPage\",\"@id\":\"https:\\\/\\\/www.kz-gedenkstaette-dachau.de\\\/pl\\\/miejsce-historyczne\\\/wirtualne-zwiedzanie-stacje-w-otoczeniu-obozu\\\/pomnik-marszu-smierci\\\/\",\"url\":\"https:\\\/\\\/www.kz-gedenkstaette-dachau.de\\\/pl\\\/miejsce-historyczne\\\/wirtualne-zwiedzanie-stacje-w-otoczeniu-obozu\\\/pomnik-marszu-smierci\\\/\",\"name\":\"Pomnik Marszu \u015amierci - KZ Gedenkst\u00e4tte Dachau\",\"isPartOf\":{\"@id\":\"https:\\\/\\\/www.kz-gedenkstaette-dachau.de\\\/#website\"},\"datePublished\":\"2018-11-19T14:41:37+00:00\",\"dateModified\":\"2020-01-30T14:33:55+00:00\",\"breadcrumb\":{\"@id\":\"https:\\\/\\\/www.kz-gedenkstaette-dachau.de\\\/pl\\\/miejsce-historyczne\\\/wirtualne-zwiedzanie-stacje-w-otoczeniu-obozu\\\/pomnik-marszu-smierci\\\/#breadcrumb\"},\"inLanguage\":\"pl-PL\",\"potentialAction\":[{\"@type\":\"ReadAction\",\"target\":[\"https:\\\/\\\/www.kz-gedenkstaette-dachau.de\\\/pl\\\/miejsce-historyczne\\\/wirtualne-zwiedzanie-stacje-w-otoczeniu-obozu\\\/pomnik-marszu-smierci\\\/\"]}]},{\"@type\":\"BreadcrumbList\",\"@id\":\"https:\\\/\\\/www.kz-gedenkstaette-dachau.de\\\/pl\\\/miejsce-historyczne\\\/wirtualne-zwiedzanie-stacje-w-otoczeniu-obozu\\\/pomnik-marszu-smierci\\\/#breadcrumb\",\"itemListElement\":[{\"@type\":\"ListItem\",\"position\":1,\"name\":\"Strona gl\u00f3wna\",\"item\":\"https:\\\/\\\/www.kz-gedenkstaette-dachau.de\\\/pl\\\/\"},{\"@type\":\"ListItem\",\"position\":2,\"name\":\"Miejsce historyczne\",\"item\":\"https:\\\/\\\/www.kz-gedenkstaette-dachau.de\\\/pl\\\/miejsce-historyczne\\\/\"},{\"@type\":\"ListItem\",\"position\":3,\"name\":\"Wirtualne zwiedzanie \u2013 stacje w otoczeniu obozu\",\"item\":\"https:\\\/\\\/www.kz-gedenkstaette-dachau.de\\\/pl\\\/miejsce-historyczne\\\/wirtualne-zwiedzanie-stacje-w-otoczeniu-obozu\\\/\"},{\"@type\":\"ListItem\",\"position\":4,\"name\":\"Pomnik Marszu \u015amierci\"}]},{\"@type\":\"WebSite\",\"@id\":\"https:\\\/\\\/www.kz-gedenkstaette-dachau.de\\\/#website\",\"url\":\"https:\\\/\\\/www.kz-gedenkstaette-dachau.de\\\/\",\"name\":\"KZ Gedenkst\u00e4tte Dachau\",\"description\":\"\",\"potentialAction\":[{\"@type\":\"SearchAction\",\"target\":{\"@type\":\"EntryPoint\",\"urlTemplate\":\"https:\\\/\\\/www.kz-gedenkstaette-dachau.de\\\/?s={search_term_string}\"},\"query-input\":{\"@type\":\"PropertyValueSpecification\",\"valueRequired\":true,\"valueName\":\"search_term_string\"}}],\"inLanguage\":\"pl-PL\"}]}<\/script>\n<!-- \/ Yoast SEO plugin. -->","yoast_head_json":{"title":"Pomnik Marszu \u015amierci - KZ Gedenkst\u00e4tte Dachau","robots":{"index":"index","follow":"follow","max-snippet":"max-snippet:-1","max-image-preview":"max-image-preview:large","max-video-preview":"max-video-preview:-1"},"canonical":"https:\/\/www.kz-gedenkstaette-dachau.de\/pl\/miejsce-historyczne\/wirtualne-zwiedzanie-stacje-w-otoczeniu-obozu\/pomnik-marszu-smierci\/","og_locale":"pl_PL","og_type":"article","og_title":"Pomnik Marszu \u015amierci - KZ Gedenkst\u00e4tte Dachau","og_description":"Wraz z post\u0119pami ofensywy alianckiej, SS ewakuowa\u0142o od lata 1944 r. kolejne obozy koncentracyjne. Poci\u0105gowymi transportami i przymusowymi marszami przemieszczano wi\u0119\u017ani\u00f3w do oboz\u00f3w po\u0142o\u017conych dalej od frontu. Wskutek swego po\u0142o\u017cenia w g\u0142\u0119bi Rzeszy, ob\u00f3z koncentracyjny Dachau zosta\u0142 najpierw obozem docelowym dla wi\u0119\u017ani\u00f3w ewakuowanych z oboz\u00f3w koncentracyjnych w Auschwitz, Natzweiler, Flossenb\u00fcrg i Buchenwaldzie. Wielu wi\u0119\u017ani\u00f3w nie... Zobacz artyku\u0142","og_url":"https:\/\/www.kz-gedenkstaette-dachau.de\/pl\/miejsce-historyczne\/wirtualne-zwiedzanie-stacje-w-otoczeniu-obozu\/pomnik-marszu-smierci\/","og_site_name":"KZ Gedenkst\u00e4tte Dachau","article_modified_time":"2020-01-30T14:33:55+00:00","twitter_card":"summary_large_image","twitter_misc":{"Szacowany czas czytania":"1 minuta"},"schema":{"@context":"https:\/\/schema.org","@graph":[{"@type":"WebPage","@id":"https:\/\/www.kz-gedenkstaette-dachau.de\/pl\/miejsce-historyczne\/wirtualne-zwiedzanie-stacje-w-otoczeniu-obozu\/pomnik-marszu-smierci\/","url":"https:\/\/www.kz-gedenkstaette-dachau.de\/pl\/miejsce-historyczne\/wirtualne-zwiedzanie-stacje-w-otoczeniu-obozu\/pomnik-marszu-smierci\/","name":"Pomnik Marszu \u015amierci - KZ Gedenkst\u00e4tte Dachau","isPartOf":{"@id":"https:\/\/www.kz-gedenkstaette-dachau.de\/#website"},"datePublished":"2018-11-19T14:41:37+00:00","dateModified":"2020-01-30T14:33:55+00:00","breadcrumb":{"@id":"https:\/\/www.kz-gedenkstaette-dachau.de\/pl\/miejsce-historyczne\/wirtualne-zwiedzanie-stacje-w-otoczeniu-obozu\/pomnik-marszu-smierci\/#breadcrumb"},"inLanguage":"pl-PL","potentialAction":[{"@type":"ReadAction","target":["https:\/\/www.kz-gedenkstaette-dachau.de\/pl\/miejsce-historyczne\/wirtualne-zwiedzanie-stacje-w-otoczeniu-obozu\/pomnik-marszu-smierci\/"]}]},{"@type":"BreadcrumbList","@id":"https:\/\/www.kz-gedenkstaette-dachau.de\/pl\/miejsce-historyczne\/wirtualne-zwiedzanie-stacje-w-otoczeniu-obozu\/pomnik-marszu-smierci\/#breadcrumb","itemListElement":[{"@type":"ListItem","position":1,"name":"Strona gl\u00f3wna","item":"https:\/\/www.kz-gedenkstaette-dachau.de\/pl\/"},{"@type":"ListItem","position":2,"name":"Miejsce historyczne","item":"https:\/\/www.kz-gedenkstaette-dachau.de\/pl\/miejsce-historyczne\/"},{"@type":"ListItem","position":3,"name":"Wirtualne zwiedzanie \u2013 stacje w otoczeniu obozu","item":"https:\/\/www.kz-gedenkstaette-dachau.de\/pl\/miejsce-historyczne\/wirtualne-zwiedzanie-stacje-w-otoczeniu-obozu\/"},{"@type":"ListItem","position":4,"name":"Pomnik Marszu \u015amierci"}]},{"@type":"WebSite","@id":"https:\/\/www.kz-gedenkstaette-dachau.de\/#website","url":"https:\/\/www.kz-gedenkstaette-dachau.de\/","name":"KZ Gedenkst\u00e4tte Dachau","description":"","potentialAction":[{"@type":"SearchAction","target":{"@type":"EntryPoint","urlTemplate":"https:\/\/www.kz-gedenkstaette-dachau.de\/?s={search_term_string}"},"query-input":{"@type":"PropertyValueSpecification","valueRequired":true,"valueName":"search_term_string"}}],"inLanguage":"pl-PL"}]}},"_links":{"self":[{"href":"https:\/\/www.kz-gedenkstaette-dachau.de\/pl\/wp-json\/wp\/v2\/pages\/57087","targetHints":{"allow":["GET"]}}],"collection":[{"href":"https:\/\/www.kz-gedenkstaette-dachau.de\/pl\/wp-json\/wp\/v2\/pages"}],"about":[{"href":"https:\/\/www.kz-gedenkstaette-dachau.de\/pl\/wp-json\/wp\/v2\/types\/page"}],"author":[{"embeddable":true,"href":"https:\/\/www.kz-gedenkstaette-dachau.de\/pl\/wp-json\/wp\/v2\/users\/1"}],"replies":[{"embeddable":true,"href":"https:\/\/www.kz-gedenkstaette-dachau.de\/pl\/wp-json\/wp\/v2\/comments?post=57087"}],"version-history":[{"count":0,"href":"https:\/\/www.kz-gedenkstaette-dachau.de\/pl\/wp-json\/wp\/v2\/pages\/57087\/revisions"}],"up":[{"embeddable":true,"href":"https:\/\/www.kz-gedenkstaette-dachau.de\/pl\/wp-json\/wp\/v2\/pages\/57060"}],"wp:attachment":[{"href":"https:\/\/www.kz-gedenkstaette-dachau.de\/pl\/wp-json\/wp\/v2\/media?parent=57087"}],"curies":[{"name":"wp","href":"https:\/\/api.w.org\/{rel}","templated":true}]}}