{"id":57092,"date":"2018-09-04T12:43:23","date_gmt":"2018-09-04T10:43:23","guid":{"rendered":"https:\/\/www.kz-gedenkstaette-dachau.de\/miejsce-historyczne\/wirtualne-zwiedzanie\/krematoriumsbereich\/"},"modified":"2020-04-01T16:46:24","modified_gmt":"2020-04-01T14:46:24","slug":"kompleks-krematoryjny","status":"publish","type":"page","link":"https:\/\/www.kz-gedenkstaette-dachau.de\/pl\/miejsce-historyczne\/wirtualne-zwiedzanie\/kompleks-krematoryjny\/","title":{"rendered":"Kompleks krematoryjny"},"content":{"rendered":"<p>baKompleks krematoryjny stanowi centralne miejsce pami\u0119ci w Muzeum Obozu Koncentracyjnego w Dachau. Ju\u017c od razu po wyzwoleniu wykorzystywano ten teren do czczenia pami\u0119ci zmar\u0142ych. W latach sze\u015b\u0107dziesi\u0105tych XX w. nadano mu charakter cmentarza.<\/p>\n<p>Obecnie do kompleksu krematoryjnego dochodzi si\u0119 przez most bezpo\u015brednio z by\u0142ego obozu wi\u0119\u017aniarskiego. Nie odpowiada to sytuacji historycznej, bowiem ten poro\u015bni\u0119ty cz\u0119\u015bciowo drzewami teren znajdowa\u0142 si\u0119 w granicach obozu SS, otoczony by\u0142 murem i \u015bci\u015ble odgrodzony od obozu wi\u0119\u017aniarskiego. Dost\u0119p do niego mia\u0142o tylko SS oraz wi\u0119\u017aniowie, kt\u00f3rzy musieli kremowa\u0107 zw\u0142oki.<\/p>\n<p>Pocz\u0105tkowo SS przekazywa\u0142o prochy zmar\u0142ych w obozie wi\u0119\u017ani\u00f3w rodzinom, grzeba\u0142o zw\u0142oki w pobli\u017cu obozu, lub przekazywa\u0142o je do skremowania na monachijski Cmentarz Wschodni (Ostfriedhof). Kiedy po rozpocz\u0119ciu wojny raptownie wzros\u0142a liczba wi\u0119\u017ani\u00f3w i podnios\u0142a si\u0119 ich \u015bmiertelno\u015b\u0107, SS poleci\u0142o wybudowa\u0107 pierwsze krematorium z piecem do palenia zw\u0142ok. Ju\u017c po roku jego wydajno\u015b\u0107 okaza\u0142a si\u0119 niewystarczaj\u0105ca. Dlatego wiosn\u0105 1942 r. rozpocz\u0119to budow\u0119 \u201eBaraku X\u201d, kt\u00f3ry w nast\u0119pnym roku podj\u0105\u0142 prac\u0119. Znajduj\u0105ce si\u0119 tym budynku krematorium mia\u0142o cztery piece, pomieszczenia dezynfekcyjne do ubra\u0144, pomieszczenia socjalne i sanitarne, kostnice oraz komor\u0119 gazow\u0105, nazywan\u0105 \u201e\u0142a\u017ani\u0105 natryskow\u0105\u201d (Brausebad). Nie ulega w\u0105tpliwo\u015bci, \u017ce \u201eBarak X\u201d pomy\u015blano\u00a0 jako instrument masowej eksterminacji wi\u0119\u017ani\u00f3w.<\/p>\n<p>Jednak nie dosz\u0142o do jego wykorzystania przy pomocy komory gazowej. Nie jest jasne, dlaczego SS nie si\u0119gn\u0119\u0142o po ten \u015brodek, cho\u0107 komora by\u0142a w pe\u0142ni funkcjonalna. W 1944 r. zg\u0142adzono tam wedle relacji \u015bwiadka jedynie kilku wi\u0119\u017ani\u00f3w.<\/p>\n<p>Odosobnienie kompleksu krematoryjnego SS wykorzystywa\u0142o do egzekucji wi\u0119\u017ani\u00f3w przez powieszenie lub strza\u0142 w ty\u0142 g\u0142owy. Ofiarami byli przede wszystkim cz\u0142onkowie ruchu oporu. Przygotowana specjalnie w tym celu \u201eDroga \u015bmierci\u201d prowadzi zwiedzaj\u0105cych do miejsc egzekucji i grob\u00f3w ze skremowanymi cia\u0142ami ofiar.<\/p>\n<p>W latach 1933-1945 zmar\u0142o w obozie koncentracyjnym Dachau i w jego podobozach zewn\u0119trznych 41.500 wi\u0119\u017ani\u00f3w wskutek g\u0142odu, os\u0142abienia, chor\u00f3b, tortur lub celowego morderstwa.<\/p>\n","protected":false},"excerpt":{"rendered":"<p>baKompleks krematoryjny stanowi centralne miejsce pami\u0119ci w Muzeum Obozu Koncentracyjnego w Dachau. Ju\u017c od razu po wyzwoleniu wykorzystywano ten teren do czczenia pami\u0119ci zmar\u0142ych. W latach sze\u015b\u0107dziesi\u0105tych XX w. nadano mu charakter cmentarza. Obecnie do kompleksu krematoryjnego dochodzi si\u0119 przez most bezpo\u015brednio z by\u0142ego obozu wi\u0119\u017aniarskiego. Nie odpowiada to sytuacji historycznej, bowiem ten poro\u015bni\u0119ty cz\u0119\u015bciowo&#8230; <a class=\"view-article\" href=\"https:\/\/www.kz-gedenkstaette-dachau.de\/pl\/miejsce-historyczne\/wirtualne-zwiedzanie\/kompleks-krematoryjny\/\">Zobacz artyku\u0142<\/a><\/p>\n","protected":false},"author":1,"featured_media":0,"parent":56973,"menu_order":1300,"comment_status":"closed","ping_status":"closed","template":"page-virtueller_rundgang_unterseite.php","meta":{"_acf_changed":false,"footnotes":""},"class_list":["post-57092","page","type-page","status-publish","hentry"],"acf":[],"yoast_head":"<!-- This site is optimized with the Yoast SEO plugin v27.4 - https:\/\/yoast.com\/product\/yoast-seo-wordpress\/ -->\n<title>Kompleks krematoryjny - KZ Gedenkst\u00e4tte Dachau<\/title>\n<meta name=\"robots\" content=\"index, follow, max-snippet:-1, max-image-preview:large, max-video-preview:-1\" \/>\n<link rel=\"canonical\" href=\"https:\/\/www.kz-gedenkstaette-dachau.de\/pl\/miejsce-historyczne\/wirtualne-zwiedzanie\/kompleks-krematoryjny\/\" \/>\n<meta property=\"og:locale\" content=\"pl_PL\" \/>\n<meta property=\"og:type\" content=\"article\" \/>\n<meta property=\"og:title\" content=\"Kompleks krematoryjny - KZ Gedenkst\u00e4tte Dachau\" \/>\n<meta property=\"og:description\" content=\"baKompleks krematoryjny stanowi centralne miejsce pami\u0119ci w Muzeum Obozu Koncentracyjnego w Dachau. Ju\u017c od razu po wyzwoleniu wykorzystywano ten teren do czczenia pami\u0119ci zmar\u0142ych. W latach sze\u015b\u0107dziesi\u0105tych XX w. nadano mu charakter cmentarza. Obecnie do kompleksu krematoryjnego dochodzi si\u0119 przez most bezpo\u015brednio z by\u0142ego obozu wi\u0119\u017aniarskiego. Nie odpowiada to sytuacji historycznej, bowiem ten poro\u015bni\u0119ty cz\u0119\u015bciowo... Zobacz artyku\u0142\" \/>\n<meta property=\"og:url\" content=\"https:\/\/www.kz-gedenkstaette-dachau.de\/pl\/miejsce-historyczne\/wirtualne-zwiedzanie\/kompleks-krematoryjny\/\" \/>\n<meta property=\"og:site_name\" content=\"KZ Gedenkst\u00e4tte Dachau\" \/>\n<meta property=\"article:modified_time\" content=\"2020-04-01T14:46:24+00:00\" \/>\n<meta name=\"twitter:card\" content=\"summary_large_image\" \/>\n<meta name=\"twitter:label1\" content=\"Szacowany czas czytania\" \/>\n\t<meta name=\"twitter:data1\" content=\"2 minuty\" \/>\n<script type=\"application\/ld+json\" class=\"yoast-schema-graph\">{\"@context\":\"https:\\\/\\\/schema.org\",\"@graph\":[{\"@type\":\"WebPage\",\"@id\":\"https:\\\/\\\/www.kz-gedenkstaette-dachau.de\\\/pl\\\/miejsce-historyczne\\\/wirtualne-zwiedzanie\\\/kompleks-krematoryjny\\\/\",\"url\":\"https:\\\/\\\/www.kz-gedenkstaette-dachau.de\\\/pl\\\/miejsce-historyczne\\\/wirtualne-zwiedzanie\\\/kompleks-krematoryjny\\\/\",\"name\":\"Kompleks krematoryjny - KZ Gedenkst\u00e4tte Dachau\",\"isPartOf\":{\"@id\":\"https:\\\/\\\/www.kz-gedenkstaette-dachau.de\\\/#website\"},\"datePublished\":\"2018-09-04T10:43:23+00:00\",\"dateModified\":\"2020-04-01T14:46:24+00:00\",\"breadcrumb\":{\"@id\":\"https:\\\/\\\/www.kz-gedenkstaette-dachau.de\\\/pl\\\/miejsce-historyczne\\\/wirtualne-zwiedzanie\\\/kompleks-krematoryjny\\\/#breadcrumb\"},\"inLanguage\":\"pl-PL\",\"potentialAction\":[{\"@type\":\"ReadAction\",\"target\":[\"https:\\\/\\\/www.kz-gedenkstaette-dachau.de\\\/pl\\\/miejsce-historyczne\\\/wirtualne-zwiedzanie\\\/kompleks-krematoryjny\\\/\"]}]},{\"@type\":\"BreadcrumbList\",\"@id\":\"https:\\\/\\\/www.kz-gedenkstaette-dachau.de\\\/pl\\\/miejsce-historyczne\\\/wirtualne-zwiedzanie\\\/kompleks-krematoryjny\\\/#breadcrumb\",\"itemListElement\":[{\"@type\":\"ListItem\",\"position\":1,\"name\":\"Strona gl\u00f3wna\",\"item\":\"https:\\\/\\\/www.kz-gedenkstaette-dachau.de\\\/pl\\\/\"},{\"@type\":\"ListItem\",\"position\":2,\"name\":\"Miejsce historyczne\",\"item\":\"https:\\\/\\\/www.kz-gedenkstaette-dachau.de\\\/pl\\\/miejsce-historyczne\\\/\"},{\"@type\":\"ListItem\",\"position\":3,\"name\":\"Wirtualne zwiedzanie\",\"item\":\"https:\\\/\\\/www.kz-gedenkstaette-dachau.de\\\/pl\\\/miejsce-historyczne\\\/wirtualne-zwiedzanie\\\/\"},{\"@type\":\"ListItem\",\"position\":4,\"name\":\"Kompleks krematoryjny\"}]},{\"@type\":\"WebSite\",\"@id\":\"https:\\\/\\\/www.kz-gedenkstaette-dachau.de\\\/#website\",\"url\":\"https:\\\/\\\/www.kz-gedenkstaette-dachau.de\\\/\",\"name\":\"KZ Gedenkst\u00e4tte Dachau\",\"description\":\"\",\"potentialAction\":[{\"@type\":\"SearchAction\",\"target\":{\"@type\":\"EntryPoint\",\"urlTemplate\":\"https:\\\/\\\/www.kz-gedenkstaette-dachau.de\\\/?s={search_term_string}\"},\"query-input\":{\"@type\":\"PropertyValueSpecification\",\"valueRequired\":true,\"valueName\":\"search_term_string\"}}],\"inLanguage\":\"pl-PL\"}]}<\/script>\n<!-- \/ Yoast SEO plugin. -->","yoast_head_json":{"title":"Kompleks krematoryjny - KZ Gedenkst\u00e4tte Dachau","robots":{"index":"index","follow":"follow","max-snippet":"max-snippet:-1","max-image-preview":"max-image-preview:large","max-video-preview":"max-video-preview:-1"},"canonical":"https:\/\/www.kz-gedenkstaette-dachau.de\/pl\/miejsce-historyczne\/wirtualne-zwiedzanie\/kompleks-krematoryjny\/","og_locale":"pl_PL","og_type":"article","og_title":"Kompleks krematoryjny - KZ Gedenkst\u00e4tte Dachau","og_description":"baKompleks krematoryjny stanowi centralne miejsce pami\u0119ci w Muzeum Obozu Koncentracyjnego w Dachau. Ju\u017c od razu po wyzwoleniu wykorzystywano ten teren do czczenia pami\u0119ci zmar\u0142ych. W latach sze\u015b\u0107dziesi\u0105tych XX w. nadano mu charakter cmentarza. Obecnie do kompleksu krematoryjnego dochodzi si\u0119 przez most bezpo\u015brednio z by\u0142ego obozu wi\u0119\u017aniarskiego. Nie odpowiada to sytuacji historycznej, bowiem ten poro\u015bni\u0119ty cz\u0119\u015bciowo... Zobacz artyku\u0142","og_url":"https:\/\/www.kz-gedenkstaette-dachau.de\/pl\/miejsce-historyczne\/wirtualne-zwiedzanie\/kompleks-krematoryjny\/","og_site_name":"KZ Gedenkst\u00e4tte Dachau","article_modified_time":"2020-04-01T14:46:24+00:00","twitter_card":"summary_large_image","twitter_misc":{"Szacowany czas czytania":"2 minuty"},"schema":{"@context":"https:\/\/schema.org","@graph":[{"@type":"WebPage","@id":"https:\/\/www.kz-gedenkstaette-dachau.de\/pl\/miejsce-historyczne\/wirtualne-zwiedzanie\/kompleks-krematoryjny\/","url":"https:\/\/www.kz-gedenkstaette-dachau.de\/pl\/miejsce-historyczne\/wirtualne-zwiedzanie\/kompleks-krematoryjny\/","name":"Kompleks krematoryjny - KZ Gedenkst\u00e4tte Dachau","isPartOf":{"@id":"https:\/\/www.kz-gedenkstaette-dachau.de\/#website"},"datePublished":"2018-09-04T10:43:23+00:00","dateModified":"2020-04-01T14:46:24+00:00","breadcrumb":{"@id":"https:\/\/www.kz-gedenkstaette-dachau.de\/pl\/miejsce-historyczne\/wirtualne-zwiedzanie\/kompleks-krematoryjny\/#breadcrumb"},"inLanguage":"pl-PL","potentialAction":[{"@type":"ReadAction","target":["https:\/\/www.kz-gedenkstaette-dachau.de\/pl\/miejsce-historyczne\/wirtualne-zwiedzanie\/kompleks-krematoryjny\/"]}]},{"@type":"BreadcrumbList","@id":"https:\/\/www.kz-gedenkstaette-dachau.de\/pl\/miejsce-historyczne\/wirtualne-zwiedzanie\/kompleks-krematoryjny\/#breadcrumb","itemListElement":[{"@type":"ListItem","position":1,"name":"Strona gl\u00f3wna","item":"https:\/\/www.kz-gedenkstaette-dachau.de\/pl\/"},{"@type":"ListItem","position":2,"name":"Miejsce historyczne","item":"https:\/\/www.kz-gedenkstaette-dachau.de\/pl\/miejsce-historyczne\/"},{"@type":"ListItem","position":3,"name":"Wirtualne zwiedzanie","item":"https:\/\/www.kz-gedenkstaette-dachau.de\/pl\/miejsce-historyczne\/wirtualne-zwiedzanie\/"},{"@type":"ListItem","position":4,"name":"Kompleks krematoryjny"}]},{"@type":"WebSite","@id":"https:\/\/www.kz-gedenkstaette-dachau.de\/#website","url":"https:\/\/www.kz-gedenkstaette-dachau.de\/","name":"KZ Gedenkst\u00e4tte Dachau","description":"","potentialAction":[{"@type":"SearchAction","target":{"@type":"EntryPoint","urlTemplate":"https:\/\/www.kz-gedenkstaette-dachau.de\/?s={search_term_string}"},"query-input":{"@type":"PropertyValueSpecification","valueRequired":true,"valueName":"search_term_string"}}],"inLanguage":"pl-PL"}]}},"_links":{"self":[{"href":"https:\/\/www.kz-gedenkstaette-dachau.de\/pl\/wp-json\/wp\/v2\/pages\/57092","targetHints":{"allow":["GET"]}}],"collection":[{"href":"https:\/\/www.kz-gedenkstaette-dachau.de\/pl\/wp-json\/wp\/v2\/pages"}],"about":[{"href":"https:\/\/www.kz-gedenkstaette-dachau.de\/pl\/wp-json\/wp\/v2\/types\/page"}],"author":[{"embeddable":true,"href":"https:\/\/www.kz-gedenkstaette-dachau.de\/pl\/wp-json\/wp\/v2\/users\/1"}],"replies":[{"embeddable":true,"href":"https:\/\/www.kz-gedenkstaette-dachau.de\/pl\/wp-json\/wp\/v2\/comments?post=57092"}],"version-history":[{"count":0,"href":"https:\/\/www.kz-gedenkstaette-dachau.de\/pl\/wp-json\/wp\/v2\/pages\/57092\/revisions"}],"up":[{"embeddable":true,"href":"https:\/\/www.kz-gedenkstaette-dachau.de\/pl\/wp-json\/wp\/v2\/pages\/56973"}],"wp:attachment":[{"href":"https:\/\/www.kz-gedenkstaette-dachau.de\/pl\/wp-json\/wp\/v2\/media?parent=57092"}],"curies":[{"name":"wp","href":"https:\/\/api.w.org\/{rel}","templated":true}]}}